{"id":827,"date":"2025-12-16T21:29:12","date_gmt":"2025-12-16T20:29:12","guid":{"rendered":"https:\/\/chemchem.eu\/?post_type=product&#038;p=827"},"modified":"2026-04-13T21:42:16","modified_gmt":"2026-04-13T19:42:16","slug":"la-petitr-incoherence","status":"publish","type":"product","link":"https:\/\/chemchem.eu\/en\/product\/la-petitr-incoherence\/","title":{"rendered":"La Petite Incoh\u00e9rence"},"content":{"rendered":"<p>La Petite Incoh\u00e9rence \u2014 The game where your ideas make all the difference!<\/p>\n<p>Be coherent with the game\u2019s incoherence...<\/p>\n<p>Dive into an explosive challenge of logic and improvisation. Flip a Situation, draw a Word, and create the most convincing link before the timer runs out. Debates, laughter, unexpected twists\u2026 and a formidable opponent: the game itself, which can completely outplay you.<\/p>\n<p>A simple concept, fast rounds, guaranteed fun.<\/p>\n<p>Something for everyone : French and English!<\/p>\n<p>Perfect with friends, family, or for game nights, for 2 to 6 players, ages 18 and up!<\/p>\n<p>play time : 30 mins<br \/>\n90 cards + 7 rule cards<\/p>","protected":false},"excerpt":{"rendered":"<p>La Petite Incoh\u00e9rence \u2014 Le jeu o\u00f9 vos id\u00e9es font toute la diff\u00e9rence ! Soyez coh\u00e9rent avec l\u2019incoh\u00e9rence du jeu\u2026 [&hellip;]<\/p>\n","protected":false},"featured_media":892,"template":"","meta":{"site-sidebar-layout":"default","site-content-layout":"","ast-site-content-layout":"default","site-content-style":"default","site-sidebar-style":"default","ast-global-header-display":"","ast-banner-title-visibility":"","ast-main-header-display":"","ast-hfb-above-header-display":"","ast-hfb-below-header-display":"","ast-hfb-mobile-header-display":"","site-post-title":"","ast-breadcrumbs-content":"","ast-featured-img":"","footer-sml-layout":"","ast-disable-related-posts":"","theme-transparent-header-meta":"default","adv-header-id-meta":"","stick-header-meta":"","header-above-stick-meta":"","header-main-stick-meta":"","header-below-stick-meta":"","astra-migrate-meta-layouts":"set","ast-page-background-enabled":"default","ast-page-background-meta":{"desktop":{"background-color":"var(--ast-global-color-5)","background-image":"","background-repeat":"repeat","background-position":"center center","background-size":"auto","background-attachment":"scroll","background-type":"","background-media":"","overlay-type":"","overlay-color":"","overlay-opacity":"","overlay-gradient":""},"tablet":{"background-color":"","background-image":"","background-repeat":"repeat","background-position":"center center","background-size":"auto","background-attachment":"scroll","background-type":"","background-media":"","overlay-type":"","overlay-color":"","overlay-opacity":"","overlay-gradient":""},"mobile":{"background-color":"","background-image":"","background-repeat":"repeat","background-position":"center center","background-size":"auto","background-attachment":"scroll","background-type":"","background-media":"","overlay-type":"","overlay-color":"","overlay-opacity":"","overlay-gradient":""}},"ast-content-background-meta":{"desktop":{"background-color":"var(--ast-global-color-4)","background-image":"","background-repeat":"repeat","background-position":"center center","background-size":"auto","background-attachment":"scroll","background-type":"","background-media":"","overlay-type":"","overlay-color":"","overlay-opacity":"","overlay-gradient":""},"tablet":{"background-color":"var(--ast-global-color-4)","background-image":"","background-repeat":"repeat","background-position":"center center","background-size":"auto","background-attachment":"scroll","background-type":"","background-media":"","overlay-type":"","overlay-color":"","overlay-opacity":"","overlay-gradient":""},"mobile":{"background-color":"var(--ast-global-color-4)","background-image":"","background-repeat":"repeat","background-position":"center center","background-size":"auto","background-attachment":"scroll","background-type":"","background-media":"","overlay-type":"","overlay-color":"","overlay-opacity":"","overlay-gradient":""}}},"product_brand":[],"product_cat":[44],"product_tag":[],"class_list":{"0":"post-827","1":"product","2":"type-product","3":"status-publish","4":"has-post-thumbnail","6":"product_cat-la-petite-incoherence","7":"desktop-align-left","8":"tablet-align-left","9":"mobile-align-left","11":"first","12":"outofstock","13":"taxable","14":"shipping-taxable","15":"product-type-variable","16":"add-to-wishlist-after_add_to_cart","17":"rtwpvg-product"},"_links":{"self":[{"href":"https:\/\/chemchem.eu\/en\/wp-json\/wp\/v2\/product\/827","targetHints":{"allow":["GET"]}}],"collection":[{"href":"https:\/\/chemchem.eu\/en\/wp-json\/wp\/v2\/product"}],"about":[{"href":"https:\/\/chemchem.eu\/en\/wp-json\/wp\/v2\/types\/product"}],"wp:featuredmedia":[{"embeddable":true,"href":"https:\/\/chemchem.eu\/en\/wp-json\/wp\/v2\/media\/892"}],"wp:attachment":[{"href":"https:\/\/chemchem.eu\/en\/wp-json\/wp\/v2\/media?parent=827"}],"wp:term":[{"taxonomy":"product_brand","embeddable":true,"href":"https:\/\/chemchem.eu\/en\/wp-json\/wp\/v2\/product_brand?post=827"},{"taxonomy":"product_cat","embeddable":true,"href":"https:\/\/chemchem.eu\/en\/wp-json\/wp\/v2\/product_cat?post=827"},{"taxonomy":"product_tag","embeddable":true,"href":"https:\/\/chemchem.eu\/en\/wp-json\/wp\/v2\/product_tag?post=827"}],"curies":[{"name":"wp","href":"https:\/\/api.w.org\/{rel}","templated":true}]}}