{"id":567,"date":"2025-10-25T22:36:42","date_gmt":"2025-10-25T20:36:42","guid":{"rendered":"https:\/\/chemchem.eu\/?page_id=567"},"modified":"2025-10-28T17:02:59","modified_gmt":"2025-10-28T16:02:59","slug":"politique-de-retour","status":"publish","type":"page","link":"https:\/\/chemchem.eu\/en\/politique-de-retour\/","title":{"rendered":"Return policy"},"content":{"rendered":"<p>&nbsp; &nbsp; &nbsp; &nbsp; &nbsp;<\/p>\n\n\n\n<p class=\"has-text-align-left\"><strong>To ensure the quality and integrity of our products, chemchem unfortunately cannot accept returns, even if the product has not been used. Once shipped, each product cannot be resold, and chemchem prefers to avoid waste by discarding it. Please make sure to review your order carefully before placing it.<\/strong><\/p>","protected":false},"excerpt":{"rendered":"<p>&nbsp; &nbsp; &nbsp; &nbsp; &nbsp; Pour garantir la qualit\u00e9 et l&rsquo;int\u00e9grit\u00e9 de nos produits, chemchem ne peut malheureusement pas accepter [&hellip;]<\/p>\n","protected":false},"author":1,"featured_media":0,"parent":0,"menu_order":0,"comment_status":"closed","ping_status":"closed","template":"","meta":{"site-sidebar-layout":"default","site-content-layout":"","ast-site-content-layout":"default","site-content-style":"default","site-sidebar-style":"default","ast-global-header-display":"","ast-banner-title-visibility":"","ast-main-header-display":"","ast-hfb-above-header-display":"","ast-hfb-below-header-display":"","ast-hfb-mobile-header-display":"","site-post-title":"","ast-breadcrumbs-content":"","ast-featured-img":"","footer-sml-layout":"","ast-disable-related-posts":"","theme-transparent-header-meta":"","adv-header-id-meta":"","stick-header-meta":"","header-above-stick-meta":"","header-main-stick-meta":"","header-below-stick-meta":"","astra-migrate-meta-layouts":"default","ast-page-background-enabled":"default","ast-page-background-meta":{"desktop":{"background-color":"var(--ast-global-color-5)","background-image":"","background-repeat":"repeat","background-position":"center center","background-size":"auto","background-attachment":"scroll","background-type":"","background-media":"","overlay-type":"","overlay-color":"","overlay-opacity":"","overlay-gradient":""},"tablet":{"background-color":"","background-image":"","background-repeat":"repeat","background-position":"center center","background-size":"auto","background-attachment":"scroll","background-type":"","background-media":"","overlay-type":"","overlay-color":"","overlay-opacity":"","overlay-gradient":""},"mobile":{"background-color":"","background-image":"","background-repeat":"repeat","background-position":"center center","background-size":"auto","background-attachment":"scroll","background-type":"","background-media":"","overlay-type":"","overlay-color":"","overlay-opacity":"","overlay-gradient":""}},"ast-content-background-meta":{"desktop":{"background-color":"var(--ast-global-color-4)","background-image":"","background-repeat":"repeat","background-position":"center center","background-size":"auto","background-attachment":"scroll","background-type":"","background-media":"","overlay-type":"","overlay-color":"","overlay-opacity":"","overlay-gradient":""},"tablet":{"background-color":"var(--ast-global-color-4)","background-image":"","background-repeat":"repeat","background-position":"center center","background-size":"auto","background-attachment":"scroll","background-type":"","background-media":"","overlay-type":"","overlay-color":"","overlay-opacity":"","overlay-gradient":""},"mobile":{"background-color":"var(--ast-global-color-4)","background-image":"","background-repeat":"repeat","background-position":"center center","background-size":"auto","background-attachment":"scroll","background-type":"","background-media":"","overlay-type":"","overlay-color":"","overlay-opacity":"","overlay-gradient":""}},"footnotes":""},"class_list":["post-567","page","type-page","status-publish","hentry"],"_links":{"self":[{"href":"https:\/\/chemchem.eu\/en\/wp-json\/wp\/v2\/pages\/567","targetHints":{"allow":["GET"]}}],"collection":[{"href":"https:\/\/chemchem.eu\/en\/wp-json\/wp\/v2\/pages"}],"about":[{"href":"https:\/\/chemchem.eu\/en\/wp-json\/wp\/v2\/types\/page"}],"author":[{"embeddable":true,"href":"https:\/\/chemchem.eu\/en\/wp-json\/wp\/v2\/users\/1"}],"replies":[{"embeddable":true,"href":"https:\/\/chemchem.eu\/en\/wp-json\/wp\/v2\/comments?post=567"}],"version-history":[{"count":7,"href":"https:\/\/chemchem.eu\/en\/wp-json\/wp\/v2\/pages\/567\/revisions"}],"predecessor-version":[{"id":639,"href":"https:\/\/chemchem.eu\/en\/wp-json\/wp\/v2\/pages\/567\/revisions\/639"}],"wp:attachment":[{"href":"https:\/\/chemchem.eu\/en\/wp-json\/wp\/v2\/media?parent=567"}],"curies":[{"name":"wp","href":"https:\/\/api.w.org\/{rel}","templated":true}]}}